{"id":7,"date":"2018-05-24T20:56:31","date_gmt":"2018-05-24T20:56:31","guid":{"rendered":"http:\/\/testseite.regenbogenland-floersheim.de\/?page_id=7"},"modified":"2025-10-30T09:47:06","modified_gmt":"2025-10-30T09:47:06","slug":"ueber-uns","status":"publish","type":"page","link":"https:\/\/www.regenbogenland-floersheim.de\/","title":{"rendered":"\u00dcber uns"},"content":{"rendered":"<p><span class=\"kitaComic\" style=\"font-family: georgia, palatino, serif;\"><img loading=\"lazy\" decoding=\"async\" class=\"wp-image-54 aligncenter\" src=\"\/images\/hl-willkommen.gif\" alt=\"\" width=\"390\" height=\"61\" \/><\/span><\/p>\n<p style=\"text-align: center;\"><img loading=\"lazy\" decoding=\"async\" class=\"alignnone size-medium wp-image-60 aligncenter\" src=\"https:\/\/www.regenbogenland-floersheim.de\/wp-content\/uploads\/2018\/05\/kita_niklas-300x235.jpg\" alt=\"\" width=\"300\" height=\"235\" srcset=\"https:\/\/www.regenbogenland-floersheim.de\/wp-content\/uploads\/2018\/05\/kita_niklas-300x235.jpg 300w, https:\/\/www.regenbogenland-floersheim.de\/wp-content\/uploads\/2018\/05\/kita_niklas-150x118.jpg 150w, https:\/\/www.regenbogenland-floersheim.de\/wp-content\/uploads\/2018\/05\/kita_niklas.jpg 600w\" sizes=\"auto, (max-width: 300px) 100vw, 300px\" \/><span class=\"kitaComic\" style=\"font-size: 12px; font-family: georgia, palatino, serif;\">&#8222;Unsere Kita&#8220; gezeichnet von Niklas<\/span><\/p>\n<p><span class=\"kitaComic\" style=\"font-family: georgia, palatino, serif;\">Unsere Kindertagesst\u00e4tte ist eine sozialp\u00e4dagogische Einrichtung der Evangelisch<\/span><span class=\"kitaComic\" style=\"font-family: georgia, palatino, serif;\">en Kirchengemeinde Fl\u00f6rsheim. Unsere Arbeit versteht sich als ein im Evangelium begr\u00fcndeter Dienst an Kindern, Familien und der Gesellschaft.<\/span><\/p>\n<p style=\"text-align: left;\"><span style=\"font-family: georgia, palatino, serif;\">Wir haben durchgehende \u00d6ffnungszeiten von 7:00-15:30 Uhr.<\/span><\/p>\n<p style=\"text-align: left;\"><span style=\"font-family: georgia, palatino, serif;\">Zur Zeit bieten wir 70 Kindern im Alter von 3-6 Jahren einen Platz in unserer Einrichtung an.<\/span><\/p>\n<p style=\"text-align: left;\"><span style=\"font-family: georgia, palatino, serif;\">Es stehen Halbtagspl\u00e4tze bis 13:00Uhr, sowie bis zu 50 Dreiviertelpl\u00e4tze mit Mittagessen bis 15.30 Uhr zur Verf\u00fcgung.<\/span><\/p>\n<p style=\"text-align: left;\"><span style=\"font-family: georgia, palatino, serif;\">Au\u00dferdem haben wir die M\u00f6glichkeit bis zu 2 Kinder mit sonderp\u00e4dagogischem F\u00f6rderbedarf in Einzelintegrationen zu f\u00f6rdern.<\/span><\/p>\n<p style=\"text-align: left;\"><span style=\"font-family: georgia, palatino, serif;\">Besuchen Sie uns in unserer Einrichtung und erfahren Sie mehr \u00fcber unsere Arbeit. Nach vorheriger telefonischer Absprache sind wir gern bereit, Ihre Fragen zu beantworten und Ihnen unsere Einrichtung zu zeigen. Mehr Informationen erhalten Sie auch unter Kita von A bis Z.<\/span><\/p>\n<p style=\"text-align: left;\"><span class=\"kitaComic\" style=\"font-family: georgia, palatino, serif; color: #f20000; font-size: 16px;\"><strong class=\"kitaheadline\">Qualit\u00e4tsmerkmale unserer Kita auf einen Blick<\/strong><\/span><\/p>\n<ul style=\"list-style-type: square; text-align: left;\">\n<li><span class=\"kitaComic\" style=\"font-family: georgia, palatino, serif;\">Gro\u00dfe, helle R\u00e4umlichkeiten, Gruppenr\u00e4ume mit 2 Spielebenen, separater Bauecke und eigener Terrasse mit Spielh\u00e4uschen, gro\u00dfer Mehrzweckraum und Spielm\u00f6glichkeiten im Flur <\/span><\/li>\n<li><span class=\"kitaComic\" style=\"font-family: georgia, palatino, serif;\">Gro\u00dfz\u00fcgiges, naturnahe gestaltetes Au\u00dfengel\u00e4nde mit vielen Bewegungsm\u00f6glichkeiten <\/span><\/li>\n<li><span class=\"kitaComic\" style=\"font-family: georgia, palatino, serif;\">Mittagsverpflegung: Frischkost, festgelegte Qualit\u00e4tsstandards, vegetarische Alternativen zu Fleischgerichten<br \/>\n<\/span><\/li>\n<li><span class=\"kitaComic\" style=\"font-family: georgia, palatino, serif;\">Angebot von Integrationspl\u00e4tzen <\/span><\/li>\n<li><span class=\"kitaComic\" style=\"font-family: georgia, palatino, serif;\">Aktive und individuelle Elternarbeit: Gemeinsame Veranstaltungen wie z.B. Spielnachmittage, Feste u. Feiern, die die Zusammengeh\u00f6rigkeit und das Miteinander f\u00f6rdern; Gemeinsame gem\u00fctliche oder thematische Elternabende, Gruppenelternabende und monatlich stattfindende Elternsprechstunden <\/span><\/li>\n<li><span class=\"kitaComic\" style=\"font-family: georgia, palatino, serif;\">2 Erzieher\/innen pro Gruppe <\/span><\/li>\n<li><span class=\"kitaComic\" style=\"font-family: georgia, palatino, serif;\">Ein gespr\u00e4chsbereites, erfahrenes, eingearbeitetes, offenes und fachlich kompetentes Erzieherteam <\/span><\/li>\n<li><span class=\"kitaComic\" style=\"font-family: georgia, palatino, serif;\">Ruhige, harmonische und famili\u00e4re Atmosph\u00e4re in der Kita <\/span><\/li>\n<li><span class=\"kitaComic\" style=\"font-family: georgia, palatino, serif;\">Durchg\u00e4ngige \u00d6ffnungszeiten \u2014 keine Schlie\u00dfung in den Sommer-, Herbst- und Osterferien <\/span><\/li>\n<li><span class=\"kitaComic\" style=\"font-family: georgia, palatino, serif;\">Feste Stammgruppen mit gruppen\u00fcbergreifenden Projekten <\/span><\/li>\n<li><span class=\"kitaComic\" style=\"font-family: georgia, palatino, serif;\">Kontinuierliche Reflektion der p\u00e4dagogischen Arbeit, Fallbesprechungen <\/span><\/li>\n<li><span class=\"kitaComic\" style=\"font-family: georgia, palatino, serif;\">Musikschule im Haus <\/span><\/li>\n<li><span class=\"kitaComic\" style=\"font-family: georgia, palatino, serif;\">Sprachf\u00f6rderung f\u00fcr Kinder mit besonderem Bedarf <\/span><\/li>\n<li><span class=\"kitaComic\" style=\"font-family: georgia, palatino, serif;\">Bewegungsm\u00f6glichkeiten innen und au\u00dfen <\/span><\/li>\n<li><span class=\"kitaComic\" style=\"font-family: georgia, palatino, serif;\">Spazierg\u00e4nge, Exkursionen und Ausfl\u00fcge <\/span><\/li>\n<li><span class=\"kitaComic\" style=\"font-family: georgia, palatino, serif;\">Schriftliche Dokumentation der Bildungs- und Erziehungsarbeit <\/span><\/li>\n<li><span class=\"kitaComic\" style=\"font-family: georgia, palatino, serif;\">Transparenz unserer Arbeit in der \u00d6ffentlichkeit und intern <\/span><\/li>\n<li><span class=\"kitaComic\" style=\"font-family: georgia, palatino, serif;\">Regelm\u00e4\u00dfiges Erscheinen eines Kita Newsletter<\/span><\/li>\n<li><span class=\"kitaComic\" style=\"font-family: georgia, palatino, serif;\">Informationen \u00fcber unsere Arbeit in verschiedenen Brosch\u00fcren <\/span><\/li>\n<li><span class=\"kitaComic\" style=\"font-family: georgia, palatino, serif;\">j\u00e4hrliche Team-Fortbildungen und regelm\u00e4\u00dfige Fortbildung f\u00fcr jede Erzieherin <\/span><\/li>\n<li><span class=\"kitaComic\" style=\"font-family: georgia, palatino, serif;\">Schulungen und Belehrungen zu Sicherheitsma\u00dfnahmen, Gesetzen, Verordnungen werden wahrgenommen <\/span><\/li>\n<li><span class=\"kitaComic\" style=\"font-family: georgia, palatino, serif;\">St\u00e4ndige \u00dcberarbeitung und Weiterentwicklung der bestehenden Konzeption und Einbringen aktueller Themen <\/span><\/li>\n<li><span class=\"kitaComic\" style=\"font-family: georgia, palatino, serif;\">Intensive Zusammenarbeit mit anderen Institutionen<br \/>\n<\/span><\/li>\n<\/ul>\n<p style=\"text-align: left;\"><span class=\"kitaheadline\" style=\"font-family: georgia, palatino, serif; font-size: 16px; color: #f20000;\"><strong>Schwerpunkte unserer p\u00e4dagogischen Arbeit: <\/strong><\/span><\/p>\n<ul style=\"list-style-type: square; text-align: left;\">\n<li><span class=\"kitaComic\" style=\"font-family: georgia, palatino, serif;\">Ganzheitliche Entwicklungsbegleitung und F\u00f6rderung durch<br \/>\nWissensvermittlung, Sprachanregung, Bewegung, F\u00e4higkeiten und Fertigkeiten <\/span><\/li>\n<li><span class=\"kitaComic\" style=\"font-family: georgia, palatino, serif;\">F\u00f6rderung des selbstst\u00e4ndigen Denkens und Handelns <\/span><\/li>\n<li><span class=\"kitaComic\" style=\"font-family: georgia, palatino, serif;\">Integration von benachteiligten Kindern mit F\u00f6rderbedarf<br \/>\n<\/span><\/li>\n<li><span class=\"kitaComic\" style=\"font-family: georgia, palatino, serif;\">Religi\u00f6se Erziehung durch religionsp\u00e4dagogische Angebote, Orientierung am christlichen Glauben, 2x j\u00e4hrlich Gottesdienstgestaltung in der Evangelischen Kirche <\/span><\/li>\n<li><span class=\"kitaComic\" style=\"font-family: georgia, palatino, serif;\">F\u00f6rderung der Pers\u00f6nlichkeitsentwicklung und der individuellen F\u00e4higkeiten <\/span><\/li>\n<li><span class=\"kitaComic\" style=\"font-family: georgia, palatino, serif;\">Enge Zusammenarbeit mit den Erziehungspartnern <\/span><\/li>\n<li><span class=\"kitaComic\" style=\"font-family: georgia, palatino, serif;\">Kooperation mit Beratungsstellen und den Grundschulen <\/span><\/li>\n<li><span class=\"kitaComic\" style=\"font-family: georgia, palatino, serif;\">Gruppen\u00fcbergreifende Projektarbeit, z.B. Vorschulprojekt, Bewegungsbaustelle<\/span><\/li>\n<li><span class=\"kitaComic\" style=\"font-family: georgia, palatino, serif;\">Arbeit nach dem HBEP<\/span><\/li>\n<\/ul>\n<p style=\"text-align: left;\"><span style=\"font-family: georgia, palatino, serif;\"><img decoding=\"async\" class=\"wp-image-9 aligncenter\" src=\"\/images\/ml-team.gif\" alt=\"\" \/><\/span><\/p>\n<p style=\"text-align: center;\">\n<table style=\"width: 100%; height: 78px;\">\n<tbody>\n<tr style=\"height: 78px;\">\n<td style=\"width: 50%; text-align: center; height: 78px;\"><span style=\"color: #0000f2; font-size: 16px; font-family: georgia, palatino, serif;\"><strong>Leitung<br \/>\n<\/strong><\/span><span style=\"color: #0000f2; font-size: 16px; font-family: georgia, palatino, serif;\">Anja Berger<\/span><\/td>\n<td style=\"width: 50%; text-align: center; height: 78px;\"><span style=\"color: #0000f2; font-size: 16px; font-family: georgia, palatino, serif;\"><strong>Stellvertretende Leitung<br \/>\n<\/strong><\/span><span style=\"color: #0000f2; font-size: 16px; font-family: georgia, palatino, serif;\">Gabriele Strupp<\/span><\/td>\n<\/tr>\n<\/tbody>\n<\/table>\n<table style=\"width: 100%;\" width=\"100%\" cellspacing=\"0\" cellpadding=\"0\">\n<tbody>\n<tr style=\"height: 120px; text-align: justify;\" valign=\"top\">\n<td class=\"kitaComic\" style=\"width: 33%; height: 10px;\" align=\"center\">\n<p style=\"text-align: center;\"><span style=\"color: #0000f2; font-family: georgia, palatino, serif;\"><span style=\"font-family: georgia, palatino, serif;\"><img decoding=\"async\" class=\"aligncenter\" src=\"\/images\/gruppe_pandabaeren.gif\" \/><\/span>G. Strupp<\/span><br \/>\n<span style=\"color: #0000f2;\">J. Hauck<\/span><\/p>\n<p><span style=\"color: #0000f2;\">G. Schneider<\/span><\/td>\n<td class=\"kitaComic\" style=\"width: 33%; height: 10px; text-align: center;\" align=\"center\"><span style=\"color: #0000f2; font-family: georgia, palatino, serif;\"><span class=\"kitaComic\" style=\"color: #0000ff;\"><span style=\"font-family: georgia, palatino, serif;\"><img loading=\"lazy\" decoding=\"async\" class=\"aligncenter\" src=\"\/images\/gruppe_schmetterlinge.gif\" width=\"128\" height=\"129\" \/><\/span><\/span>E. Domnowski<\/span><\/p>\n<p><span style=\"color: #0000f2;\">T. Yilmazer<\/span><\/p>\n<p><span style=\"color: #0000f2;\">K. Sch\u00e4fer<\/span><\/td>\n<td class=\"kitaComic\" style=\"width: 33%; height: 10px; text-align: center;\" align=\"center\"><span style=\"font-family: georgia, palatino, serif;\"><img loading=\"lazy\" decoding=\"async\" class=\"aligncenter\" src=\"\/images\/gruppe_pinguine.gif\" width=\"128\" height=\"129\" \/><\/span><span style=\"color: #0000f2; font-family: georgia, palatino, serif;\"><span style=\"color: #0000f2; font-family: georgia, palatino, serif;\">K. Baumgart<\/span><\/span><\/p>\n<p><span style=\"color: #0000f2; font-family: georgia, palatino, serif;\"><span style=\"color: #0000f2; font-family: georgia, palatino, serif;\">Y. Getahun<\/span><\/span><\/p>\n<p><span style=\"color: #0000f2;\">I. Renz<\/span><\/td>\n<\/tr>\n<tr style=\"height: 20px; text-align: justify;\" valign=\"top\">\n<td class=\"kitaComic\" style=\"color: #db0003; width: 99%; height: 20px; text-align: center;\" colspan=\"3\" align=\"center\"><span style=\"color: #0000f2; font-family: georgia, palatino, serif;\">\u00a0<span class=\"kitaComic\" style=\"color: #0000ff;\"><br \/>\n<\/span><\/span><\/td>\n<\/tr>\n<tr valign=\"top\">\n<td class=\"kitaComic\" style=\"width: 99%; height: 10px; text-align: center;\" colspan=\"3\" align=\"center\"><span style=\"font-family: georgia, palatino, serif;\"><span class=\"kitaComic\"><img decoding=\"async\" class=\"aligncenter\" src=\"\/images\/icon_topf.gif\" \/><\/span><span class=\"kitaComic\"><strong>K\u00fcche<\/strong><br \/>\n<span style=\"color: #0000f2;\">S. Schneider<\/span><\/span><\/span><\/td>\n<\/tr>\n<\/tbody>\n<\/table>\n","protected":false},"excerpt":{"rendered":"<p>&#8222;Unsere Kita&#8220; gezeichnet von Niklas Unsere Kindertagesst\u00e4tte ist eine sozialp\u00e4dagogische Einrichtung der Evangelischen Kirchengemeinde Fl\u00f6rsheim. Unsere Arbeit versteht sich als ein im Evangelium begr\u00fcndeter Dienst an Kindern, Familien und der Gesellschaft. Wir haben durchgehende \u00d6ffnungszeiten von 7:00-15:30 Uhr. Zur Zeit bieten wir 70 Kindern im Alter von 3-6 Jahren einen\u2026<\/p>\n<p class=\"continue-reading-button\"> <a class=\"continue-reading-link\" href=\"https:\/\/www.regenbogenland-floersheim.de\/\">Weiter&#8230;<i class=\"crycon-right-dir\"><\/i><\/a><\/p>\n","protected":false},"author":6,"featured_media":0,"parent":0,"menu_order":0,"comment_status":"closed","ping_status":"closed","template":"","meta":{"footnotes":""},"class_list":["post-7","page","type-page","status-publish","hentry"],"_links":{"self":[{"href":"https:\/\/www.regenbogenland-floersheim.de\/index.php?rest_route=\/wp\/v2\/pages\/7","targetHints":{"allow":["GET"]}}],"collection":[{"href":"https:\/\/www.regenbogenland-floersheim.de\/index.php?rest_route=\/wp\/v2\/pages"}],"about":[{"href":"https:\/\/www.regenbogenland-floersheim.de\/index.php?rest_route=\/wp\/v2\/types\/page"}],"author":[{"embeddable":true,"href":"https:\/\/www.regenbogenland-floersheim.de\/index.php?rest_route=\/wp\/v2\/users\/6"}],"replies":[{"embeddable":true,"href":"https:\/\/www.regenbogenland-floersheim.de\/index.php?rest_route=%2Fwp%2Fv2%2Fcomments&post=7"}],"version-history":[{"count":71,"href":"https:\/\/www.regenbogenland-floersheim.de\/index.php?rest_route=\/wp\/v2\/pages\/7\/revisions"}],"predecessor-version":[{"id":352,"href":"https:\/\/www.regenbogenland-floersheim.de\/index.php?rest_route=\/wp\/v2\/pages\/7\/revisions\/352"}],"wp:attachment":[{"href":"https:\/\/www.regenbogenland-floersheim.de\/index.php?rest_route=%2Fwp%2Fv2%2Fmedia&parent=7"}],"curies":[{"name":"wp","href":"https:\/\/api.w.org\/{rel}","templated":true}]}}